{"id":7,"date":"2024-04-11T12:18:31","date_gmt":"2024-04-11T12:18:31","guid":{"rendered":"https:\/\/staging.wilk-mobi-wc.de\/?page_id=7"},"modified":"2025-03-03T17:48:10","modified_gmt":"2025-03-03T17:48:10","slug":"startseite","status":"publish","type":"page","link":"https:\/\/wilk-mobi-wc.de\/","title":{"rendered":"Startseite"},"content":{"rendered":"\n<div class=\"wp-block-cover alignfull\" style=\"min-height:922px;aspect-ratio:unset;\"><span aria-hidden=\"true\" class=\"wp-block-cover__background has-background-dim-90 has-background-dim wp-block-cover__gradient-background has-background-gradient\" style=\"background:linear-gradient(35deg,rgb(49,85,214) 0%,rgb(27,182,205) 73%,rgb(15,59,255) 100%)\"><\/span><video class=\"wp-block-cover__video-background intrinsic-ignore\" autoplay muted loop playsinline src=\"https:\/\/wilk-mobi-wc.de\/wp-content\/uploads\/2024\/05\/WhatsApp-Video-2024-05-08-at-23.46.36.mp4\" data-object-fit=\"cover\"><\/video><div class=\"wp-block-cover__inner-container is-layout-flow wp-block-cover-is-layout-flow\">\n<div class=\"inherit-container-width wp-block-group alignwide is-layout-constrained wp-block-group-is-layout-constrained\">\n<div class=\"wp-block-media-text alignwide is-stacked-on-mobile is-vertically-aligned-center\" style=\"grid-template-columns:44% auto\"><figure class=\"wp-block-media-text__media\"><img loading=\"lazy\" decoding=\"async\" width=\"946\" height=\"452\" src=\"https:\/\/wilk-mobi-wc.de\/wp-content\/uploads\/2024\/04\/Logo-2024.png\" alt=\"\" class=\"wp-image-44 size-full\" srcset=\"https:\/\/wilk-mobi-wc.de\/wp-content\/uploads\/2024\/04\/Logo-2024.png 946w, https:\/\/wilk-mobi-wc.de\/wp-content\/uploads\/2024\/04\/Logo-2024-300x143.png 300w, https:\/\/wilk-mobi-wc.de\/wp-content\/uploads\/2024\/04\/Logo-2024-768x367.png 768w\" sizes=\"auto, (max-width: 946px) 100vw, 946px\" \/><\/figure><div class=\"wp-block-media-text__content\">\n<h2 class=\"wp-block-heading has-text-align-left has-white-color has-text-color\">Service rund um ihre Veranstaltung sowie mobile Sanit\u00e4ranlagen!<\/h2>\n\n\n\n<p>Als Dienstleister mit \u00fcber 45 Jahren Erfahrung stehen wir nicht nur mit unserer Kompetenz sondern auch mit Herzblut zu Ihrer Verf\u00fcgung!<\/p>\n\n\n\n<div class=\"wp-block-buttons is-layout-flex wp-block-buttons-is-layout-flex\">\n<div class=\"wp-block-button\"><a class=\"wp-block-button__link wp-element-button\" href=\"tel:+491724550691\"> Anrufen<\/a><\/div>\n\n\n\n<div class=\"wp-block-button\"><a class=\"wp-block-button__link wp-element-button\" href=\"&#x6d;&#x61;&#x69;&#x6c;&#x74;&#111;&#58;&#105;&#110;fo&#64;&#x77;&#x69;&#x6c;&#x6b;&#x2d;&#x6d;&#111;&#98;&#105;-wc&#x2e;&#x64;&#x65;\">E-Mail<\/a><\/div>\n<\/div>\n<\/div><\/div>\n<\/div>\n<\/div><\/div>\n\n\n\n<div data-aos= \"fade\" data-aos-duration=\"400\" data-aos-delay=\"0\" data-aos-easing=\"ease\" data-aos-once=\"true\" id=\"equipment\" class=\"wp-block-uagb-container uagb-block-eedfafa5 alignfull uagb-is-root-container\"><div class=\"uagb-container-inner-blocks-wrap\">\n<div class=\"wp-block-uagb-container uagb-block-a418183a\">\n<div class=\"wp-block-uagb-image aligncenter uagb-block-61be61ed wp-block-uagb-image--layout-default wp-block-uagb-image--effect-blur wp-block-uagb-image--align-center\"><figure class=\"wp-block-uagb-image__figure\"><img decoding=\"async\" srcset=\"https:\/\/wilk-mobi-wc.de\/wp-content\/uploads\/2024\/04\/Icon_WC-150x150.png ,https:\/\/wilk-mobi-wc.de\/wp-content\/uploads\/2024\/04\/Icon_WC.png 780w, https:\/\/wilk-mobi-wc.de\/wp-content\/uploads\/2024\/04\/Icon_WC.png 360w\" sizes=\"auto, (max-width: 480px) 150px\" src=\"https:\/\/wilk-mobi-wc.de\/wp-content\/uploads\/2024\/04\/Icon_WC-150x150.png\" alt=\"\" class=\"uag-image-64\" width=\"120\" height=\"193\" title=\"Icon_WC\" loading=\"lazy\" role=\"img\"\/><\/figure><\/div>\n\n\n\n<p class=\"has-text-align-center has-vivid-red-color has-text-color has-link-color wp-elements-8363824dc4b8b8784f3838e72fc3d7d3\" style=\"font-style:normal;font-weight:600\">Unsere mobilen Toilettenwagen sind das Mindestma\u00df f\u00fcr Ihre gelungene Veranstaltung.<\/p>\n<\/div>\n\n\n\n<div class=\"wp-block-uagb-container uagb-block-9e3a6568\">\n<div class=\"wp-block-uagb-image aligncenter uagb-block-42d33d12 wp-block-uagb-image--layout-default wp-block-uagb-image--effect-blur wp-block-uagb-image--align-center\"><figure class=\"wp-block-uagb-image__figure\"><img decoding=\"async\" srcset=\"https:\/\/wilk-mobi-wc.de\/wp-content\/uploads\/2024\/04\/Icon_MMB-150x150.png ,https:\/\/wilk-mobi-wc.de\/wp-content\/uploads\/2024\/04\/Icon_MMB.png 780w, https:\/\/wilk-mobi-wc.de\/wp-content\/uploads\/2024\/04\/Icon_MMB.png 360w\" sizes=\"auto, (max-width: 480px) 150px\" src=\"https:\/\/wilk-mobi-wc.de\/wp-content\/uploads\/2024\/04\/Icon_MMB-150x150.png\" alt=\"\" class=\"uag-image-65\" width=\"120\" height=\"193\" title=\"Icon_MMB\" loading=\"lazy\" role=\"img\"\/><\/figure><\/div>\n\n\n\n<p class=\"has-text-align-center has-vivid-red-color has-text-color has-link-color wp-elements-4e02f355287c09630119649278f7afca\" style=\"font-style:normal;font-weight:600\">Unser mobiles Miniatur Bad l\u00e4sst keine W\u00fcnsche offen wenn es um die hygienische Versorgung geht.<\/p>\n<\/div>\n\n\n\n<div class=\"wp-block-uagb-container uagb-block-cdf76fa3\">\n<div class=\"wp-block-uagb-image aligncenter uagb-block-a32b6d42 wp-block-uagb-image--layout-default wp-block-uagb-image--effect-blur wp-block-uagb-image--align-center\"><figure class=\"wp-block-uagb-image__figure\"><img decoding=\"async\" srcset=\"https:\/\/wilk-mobi-wc.de\/wp-content\/uploads\/2024\/04\/Icon_BWC-242x300.png ,https:\/\/wilk-mobi-wc.de\/wp-content\/uploads\/2024\/04\/Icon_BWC.png 780w, https:\/\/wilk-mobi-wc.de\/wp-content\/uploads\/2024\/04\/Icon_BWC.png 360w\" sizes=\"auto, (max-width: 480px) 150px\" src=\"https:\/\/wilk-mobi-wc.de\/wp-content\/uploads\/2024\/04\/Icon_BWC-242x300.png\" alt=\"\" class=\"uag-image-68\" width=\"155\" height=\"193\" title=\"Icon_BWC\" loading=\"lazy\" role=\"img\"\/><\/figure><\/div>\n\n\n\n<p class=\"has-text-align-center has-vivid-red-color has-text-color has-link-color wp-elements-0461456bb35b13ddbb81c04ddd2d36fb\" style=\"font-style:normal;font-weight:600\">Unsere barrierefreien L\u00f6sungen lassen keine W\u00fcnsche offen, sprechen Sie uns an.<\/p>\n<\/div>\n<\/div><\/div>\n\n\n\n<div data-aos= \"fade-up\" data-aos-duration=\"400\" data-aos-delay=\"0\" data-aos-easing=\"ease\" data-aos-once=\"true\" class=\"wp-block-uagb-container uagb-block-474e0fe4 alignfull uagb-is-root-container\">\n<div class=\"wp-block-uagb-container uagb-block-36cb589c\">\n<figure class=\"wp-block-image size-large\"><img loading=\"lazy\" decoding=\"async\" width=\"1024\" height=\"768\" src=\"https:\/\/wilk-mobi-wc.de\/wp-content\/uploads\/2024\/04\/wilk_011-1024x768.jpg\" alt=\"\" class=\"wp-image-72\" srcset=\"https:\/\/wilk-mobi-wc.de\/wp-content\/uploads\/2024\/04\/wilk_011-1024x768.jpg 1024w, https:\/\/wilk-mobi-wc.de\/wp-content\/uploads\/2024\/04\/wilk_011-300x225.jpg 300w, https:\/\/wilk-mobi-wc.de\/wp-content\/uploads\/2024\/04\/wilk_011-768x576.jpg 768w, https:\/\/wilk-mobi-wc.de\/wp-content\/uploads\/2024\/04\/wilk_011-1536x1152.jpg 1536w, https:\/\/wilk-mobi-wc.de\/wp-content\/uploads\/2024\/04\/wilk_011.jpg 1633w\" sizes=\"auto, (max-width: 1024px) 100vw, 1024px\" \/><\/figure>\n<\/div>\n\n\n\n<div class=\"wp-block-uagb-container uagb-block-b01be948\">\n<figure class=\"wp-block-image size-large\"><img loading=\"lazy\" decoding=\"async\" width=\"1024\" height=\"768\" src=\"https:\/\/wilk-mobi-wc.de\/wp-content\/uploads\/2024\/04\/wilk_006-1024x768.jpg\" alt=\"\" class=\"wp-image-74\" srcset=\"https:\/\/wilk-mobi-wc.de\/wp-content\/uploads\/2024\/04\/wilk_006-1024x768.jpg 1024w, https:\/\/wilk-mobi-wc.de\/wp-content\/uploads\/2024\/04\/wilk_006-300x225.jpg 300w, https:\/\/wilk-mobi-wc.de\/wp-content\/uploads\/2024\/04\/wilk_006-768x576.jpg 768w, https:\/\/wilk-mobi-wc.de\/wp-content\/uploads\/2024\/04\/wilk_006-1536x1152.jpg 1536w, https:\/\/wilk-mobi-wc.de\/wp-content\/uploads\/2024\/04\/wilk_006.jpg 1633w\" sizes=\"auto, (max-width: 1024px) 100vw, 1024px\" \/><\/figure>\n<\/div>\n\n\n\n<div class=\"wp-block-uagb-container uagb-block-502555ef\">\n<figure class=\"wp-block-image size-large\"><img loading=\"lazy\" decoding=\"async\" width=\"1024\" height=\"768\" src=\"https:\/\/wilk-mobi-wc.de\/wp-content\/uploads\/2024\/04\/wilk_004-1024x768.jpg\" alt=\"\" class=\"wp-image-75\" srcset=\"https:\/\/wilk-mobi-wc.de\/wp-content\/uploads\/2024\/04\/wilk_004-1024x768.jpg 1024w, https:\/\/wilk-mobi-wc.de\/wp-content\/uploads\/2024\/04\/wilk_004-300x225.jpg 300w, https:\/\/wilk-mobi-wc.de\/wp-content\/uploads\/2024\/04\/wilk_004-768x576.jpg 768w, https:\/\/wilk-mobi-wc.de\/wp-content\/uploads\/2024\/04\/wilk_004-1536x1152.jpg 1536w, https:\/\/wilk-mobi-wc.de\/wp-content\/uploads\/2024\/04\/wilk_004.jpg 1633w\" sizes=\"auto, (max-width: 1024px) 100vw, 1024px\" \/><\/figure>\n<\/div>\n\n\n\n<div class=\"wp-block-uagb-container uagb-block-fdda8c13\">\n<figure class=\"wp-block-image size-large\"><img loading=\"lazy\" decoding=\"async\" width=\"1024\" height=\"768\" src=\"https:\/\/wilk-mobi-wc.de\/wp-content\/uploads\/2024\/04\/wilk_005-1024x768.jpg\" alt=\"\" class=\"wp-image-73\" srcset=\"https:\/\/wilk-mobi-wc.de\/wp-content\/uploads\/2024\/04\/wilk_005-1024x768.jpg 1024w, https:\/\/wilk-mobi-wc.de\/wp-content\/uploads\/2024\/04\/wilk_005-300x225.jpg 300w, https:\/\/wilk-mobi-wc.de\/wp-content\/uploads\/2024\/04\/wilk_005-768x576.jpg 768w, https:\/\/wilk-mobi-wc.de\/wp-content\/uploads\/2024\/04\/wilk_005-1536x1152.jpg 1536w, https:\/\/wilk-mobi-wc.de\/wp-content\/uploads\/2024\/04\/wilk_005.jpg 1633w\" sizes=\"auto, (max-width: 1024px) 100vw, 1024px\" \/><\/figure>\n<\/div>\n<\/div>\n\n\n\n<div class=\"wp-block-group alignfull is-content-justification-center is-layout-constrained wp-container-core-group-is-layout-efe1b7f9 wp-block-group-is-layout-constrained\" style=\"min-height:40vh;margin-top:0;margin-bottom:0;padding-top:6rem;padding-bottom:6rem\">\n<div class=\"wp-block-columns are-vertically-aligned-top is-layout-flex wp-container-core-columns-is-layout-81597d17 wp-block-columns-is-layout-flex\" style=\"margin-top:0;margin-bottom:0\">\n<div class=\"wp-block-column is-vertically-aligned-top is-layout-flow wp-container-core-column-is-layout-6b73ce23 wp-block-column-is-layout-flow\">\n<figure class=\"wp-block-image size-large\"><img decoding=\"async\" src=\"https:\/\/wilk-mobi-wc.de\/wp-content\/themes\/astra\/inc\/assets\/images\/starter-content\/building.svg\" alt=\"\" class=\"wp-image-134\"\/><\/figure>\n\n\n\n<h3 class=\"wp-block-heading has-text-align-left\" style=\"margin-top:16px\">Zuverl\u00e4ssig<\/h3>\n\n\n\n<p class=\"has-text-align-left\">Auf uns k\u00f6nnen Sie sich verlassen &#8211; auch wenn es einmal Eng sein sollte &#8211; wir finden ein L\u00f6sung!<\/p>\n<\/div>\n\n\n\n<div class=\"wp-block-column is-vertically-aligned-top is-layout-flow wp-container-core-column-is-layout-6b73ce23 wp-block-column-is-layout-flow\">\n<figure class=\"wp-block-image size-large\"><img decoding=\"async\" src=\"https:\/\/wilk-mobi-wc.de\/wp-content\/themes\/astra\/inc\/assets\/images\/starter-content\/shopping-bag.svg\" alt=\"\" class=\"wp-image-135\"\/><\/figure>\n\n\n\n<h3 class=\"wp-block-heading has-text-align-left\" style=\"margin-top:16px\">Fair<\/h3>\n\n\n\n<p class=\"has-text-align-left\">Wir realisieren Ihre Vorstellungen zu beiderseits fairen Konditionen.<\/p>\n<\/div>\n\n\n\n<div class=\"wp-block-column is-vertically-aligned-top is-layout-flow wp-container-core-column-is-layout-6b73ce23 wp-block-column-is-layout-flow\">\n<figure class=\"wp-block-image size-large\"><img decoding=\"async\" src=\"https:\/\/wilk-mobi-wc.de\/wp-content\/themes\/astra\/inc\/assets\/images\/starter-content\/blog.svg\" alt=\"\" class=\"wp-image-136\"\/><\/figure>\n\n\n\n<h3 class=\"wp-block-heading has-text-align-left\" style=\"margin-top:16px\">Nachhaltig<\/h3>\n\n\n\n<p class=\"has-text-align-left\">Bei uns ist Nachhaltigkeit nicht nur ein in die Mode gekommenes Buzzword &#8211; fragen Sie gerne nach.<\/p>\n<\/div>\n<\/div>\n<\/div>\n\n\n\n<div data-aos= \"fade\" data-aos-duration=\"400\" data-aos-delay=\"0\" data-aos-easing=\"ease\" data-aos-once=\"true\" class=\"wp-block-uagb-container uagb-block-92ce7e0b alignfull uagb-is-root-container\"><div class=\"uagb-container__video-wrap\"><video autoplay loop muted playsinline><source src=\"https:\/\/wilk-mobi-wc.de\/wp-content\/uploads\/2024\/05\/VID_20240508_173732005.mp4\" type=\"video\/mp4\"\/><\/video><\/div><div class=\"uagb-container-inner-blocks-wrap\"><\/div><\/div>\n\n\n\n<div data-aos= \"fade\" data-aos-duration=\"400\" data-aos-delay=\"0\" data-aos-easing=\"ease\" data-aos-once=\"true\" id=\"philosophie\" class=\"wp-block-uagb-container uagb-block-e466f66e alignfull uagb-is-root-container\"><div class=\"uagb-container-inner-blocks-wrap\">\n<div class=\"wp-block-group alignfull is-layout-flow wp-block-group-is-layout-flow\" style=\"margin-top:0;margin-bottom:0;padding-top:0px;padding-right:0;padding-bottom:0px\">\n<div class=\"wp-block-media-text is-stacked-on-mobile is-vertically-aligned-center is-image-fill-element\"><figure class=\"wp-block-media-text__media\"><img loading=\"lazy\" decoding=\"async\" width=\"1024\" height=\"768\" src=\"https:\/\/wilk-mobi-wc.de\/wp-content\/uploads\/2024\/04\/wilk_004-1024x768.jpg\" alt=\"\" class=\"wp-image-75 size-full\" style=\"object-position:50% 50%\" srcset=\"https:\/\/wilk-mobi-wc.de\/wp-content\/uploads\/2024\/04\/wilk_004-1024x768.jpg 1024w, https:\/\/wilk-mobi-wc.de\/wp-content\/uploads\/2024\/04\/wilk_004-300x225.jpg 300w, https:\/\/wilk-mobi-wc.de\/wp-content\/uploads\/2024\/04\/wilk_004-768x576.jpg 768w, https:\/\/wilk-mobi-wc.de\/wp-content\/uploads\/2024\/04\/wilk_004-1536x1152.jpg 1536w, https:\/\/wilk-mobi-wc.de\/wp-content\/uploads\/2024\/04\/wilk_004.jpg 1633w\" sizes=\"auto, (max-width: 1024px) 100vw, 1024px\" \/><\/figure><div class=\"wp-block-media-text__content\">\n<h2 class=\"wp-block-heading has-text-align-center has-vivid-red-color has-text-color has-link-color wp-elements-728b454fdd0ed1f400dc84631dc9a88d wp-container-content-9cfa9a5a\" style=\"padding-right:0px;padding-left:0px\">Wir f\u00fchren Ihre Veranstaltung zum Erfolg<\/h2>\n\n\n\n<p class=\"has-ast-global-color-8-color has-text-color has-link-color wp-elements-44cf420c242013ac57622f1c277be216\" style=\"margin-right:0;margin-left:0;padding-right:0;padding-left:0\">Unsere Erfahrungen aus nahezu 45 Jahren Gesch\u00e4ftsbetrieb tragen bereits bei der Planung und Konzeption dazu bei, dass unsere Ausr\u00fcstung einen optimalen Beitrag zu Ihrer Veranstaltung leistet.<\/p>\n\n\n\n<p class=\"has-ast-global-color-8-color has-text-color has-link-color wp-elements-b4fbf77d4397d2b53f8cb110137b262c\">Mit unserem modernen und qualitativ hochwertigen L\u00f6sungen sorgen wir f\u00fcr die professionelle Umsetzung. Durch sorgf\u00e4ltige Beratung, Planung und Durchf\u00fchrung, unterst\u00fctzt von einem Netzwerk mit zuverl\u00e4ssigen Partnern, tr\u00e4gt Wilk Veranstaltungstechnik und mobile Sanit\u00e4rl\u00f6sungen als Full-Service Partner zum ma\u00dfgebenden Gelingen Ihres Projektes bei.<\/p>\n<\/div><\/div>\n<\/div>\n<\/div><\/div>\n\n\n\n<div class=\"wp-block-group alignfull has-ast-global-color-0-background-color has-background is-layout-constrained wp-container-core-group-is-layout-cfcca693 wp-block-group-is-layout-constrained\" style=\"padding-top:104px;padding-bottom:104px\">\n<h2 class=\"wp-block-heading has-text-align-center has-text-color\" style=\"color:#ffffff\">Buchen Sie noch heute Ihre L\u00f6sung f\u00fcr mehr Komfort und Sauberkeit<\/h2>\n\n\n\n<div class=\"wp-block-buttons alignwide is-horizontal is-content-justification-center is-layout-flex wp-container-core-buttons-is-layout-bba8380a wp-block-buttons-is-layout-flex\" style=\"margin-top:50px\">\n<div class=\"wp-block-button\"><a class=\"wp-block-button__link wp-element-button\" href=\"tel:+491724550691\">Anrufen<\/a><\/div>\n\n\n\n<div class=\"wp-block-button\"><a class=\"wp-block-button__link wp-element-button\" href=\"m&#97;&#105;&#x6c;&#x74;&#x6f;:i&#110;&#102;&#x6f;&#x40;&#x77;i&#108;&#107;&#45;&#x6d;&#x6f;&#x62;i&#45;&#119;&#x73;&#x2e;&#x64;e\">E-Mail<\/a><\/div>\n<\/div>\n<\/div>\n\n\n\n<div data-aos= \"fade\" data-aos-duration=\"400\" data-aos-delay=\"0\" data-aos-easing=\"ease\" data-aos-once=\"true\" id=\"kntakt\" class=\"wp-block-uagb-container uagb-block-f39e0153 alignfull uagb-is-root-container\"><div class=\"uagb-container-inner-blocks-wrap\">\n<div class=\"wp-block-uagb-container uagb-block-03880d2b\">\n<div class=\"wp-block-uagb-container uagb-block-d030cbda\">\n<div class=\"wp-block-uagb-image uagb-block-ef228b76 wp-block-uagb-image--layout-default wp-block-uagb-image--effect-zoomin wp-block-uagb-image--align-none\"><figure class=\"wp-block-uagb-image__figure\"><img decoding=\"async\" srcset=\"https:\/\/wilk-mobi-wc.de\/wp-content\/uploads\/2024\/04\/Logo-2024.png ,https:\/\/wilk-mobi-wc.de\/wp-content\/uploads\/2024\/04\/Logo-2024.png 780w, https:\/\/wilk-mobi-wc.de\/wp-content\/uploads\/2024\/04\/Logo-2024.png 360w\" sizes=\"auto, (max-width: 480px) 150px\" src=\"https:\/\/wilk-mobi-wc.de\/wp-content\/uploads\/2024\/04\/Logo-2024.png\" alt=\"\" class=\"uag-image-44\" width=\"946\" height=\"452\" title=\"Logo-2024\" loading=\"lazy\" role=\"img\"\/><\/figure><\/div>\n<\/div>\n<\/div>\n\n\n\n<div class=\"wp-block-uagb-container uagb-block-defb92e4\"><div class=\"wpforms-container wpforms-container-full wpforms-block wpforms-block-dd0e0f2b-25d6-46df-8980-19b55e5f60e5 wpforms-render-modern\" id=\"wpforms-86\"><form id=\"wpforms-form-86\" class=\"wpforms-validate wpforms-form wpforms-ajax-form\" data-formid=\"86\" method=\"post\" enctype=\"multipart\/form-data\" action=\"\/index.php\/wp-json\/wp\/v2\/pages\/7\" data-token=\"d10af32bad7fa99456034ceb913e590b\" data-token-time=\"1778689114\"><noscript class=\"wpforms-error-noscript\">Bitte aktiviere JavaScript in deinem Browser, um dieses Formular fertigzustellen.<\/noscript><div id=\"wpforms-error-noscript\" style=\"display: none;\">Bitte aktiviere JavaScript in deinem Browser, um dieses Formular fertigzustellen.<\/div><div class=\"wpforms-field-container\"><div id=\"wpforms-86-field_0-container\" class=\"wpforms-field wpforms-field-name\" data-field-id=\"0\"><fieldset><legend class=\"wpforms-field-label\">Name <span class=\"wpforms-required-label\" aria-hidden=\"true\">*<\/span><\/legend><div class=\"wpforms-field-row wpforms-field-medium\"><div class=\"wpforms-field-row-block wpforms-first wpforms-one-half\"><input type=\"text\" id=\"wpforms-86-field_0\" class=\"wpforms-field-name-first wpforms-field-required\" name=\"wpforms[fields][0][first]\" aria-errormessage=\"wpforms-86-field_0-error\" required><label for=\"wpforms-86-field_0\" class=\"wpforms-field-sublabel after\">Vorname<\/label><\/div><div class=\"wpforms-field-row-block wpforms-one-half\"><input type=\"text\" id=\"wpforms-86-field_0-last\" class=\"wpforms-field-name-last wpforms-field-required\" name=\"wpforms[fields][0][last]\" aria-errormessage=\"wpforms-86-field_0-last-error\" required><label for=\"wpforms-86-field_0-last\" class=\"wpforms-field-sublabel after\">Nachname<\/label><\/div><\/div><\/fieldset><\/div><div id=\"wpforms-86-field_1-container\" class=\"wpforms-field wpforms-field-email\" data-field-id=\"1\"><label class=\"wpforms-field-label\" for=\"wpforms-86-field_1\">E-Mail-Adresse <span class=\"wpforms-required-label\" aria-hidden=\"true\">*<\/span><\/label><input type=\"email\" id=\"wpforms-86-field_1\" class=\"wpforms-field-medium wpforms-field-required\" name=\"wpforms[fields][1]\" spellcheck=\"false\" aria-errormessage=\"wpforms-86-field_1-error\" required><\/div><div id=\"wpforms-86-field_3-container\" class=\"wpforms-field wpforms-field-text\" data-field-id=\"3\"><label class=\"wpforms-field-label\" for=\"wpforms-86-field_3\">Telefonnummer f\u00fcr R\u00fcckfragen<\/label><input type=\"text\" id=\"wpforms-86-field_3\" class=\"wpforms-field-medium\" name=\"wpforms[fields][3]\" aria-errormessage=\"wpforms-86-field_3-error\" ><\/div><div id=\"wpforms-86-field_2-container\" class=\"wpforms-field wpforms-field-textarea\" data-field-id=\"2\"><label class=\"wpforms-field-label\" for=\"wpforms-86-field_2\">Ihre Anfrage an uns <span class=\"wpforms-required-label\" aria-hidden=\"true\">*<\/span><\/label><textarea id=\"wpforms-86-field_2\" class=\"wpforms-field-medium wpforms-field-required\" name=\"wpforms[fields][2]\" aria-errormessage=\"wpforms-86-field_2-error\" required><\/textarea><\/div><\/div><!-- .wpforms-field-container --><div class=\"wpforms-submit-container\" ><input type=\"hidden\" name=\"wpforms[id]\" value=\"86\"><input type=\"hidden\" name=\"page_title\" value=\"\"><input type=\"hidden\" name=\"page_url\" value=\"https:\/\/wilk-mobi-wc.de\/index.php\/wp-json\/wp\/v2\/pages\/7\"><input type=\"hidden\" name=\"url_referer\" value=\"\"><button type=\"submit\" name=\"wpforms[submit]\" id=\"wpforms-submit-86\" class=\"wpforms-submit\" data-alt-text=\"Wird gesendet\u00a0\u2026\" data-submit-text=\"Absenden\" aria-live=\"assertive\" value=\"wpforms-submit\">Absenden<\/button><img loading=\"lazy\" decoding=\"async\" src=\"https:\/\/wilk-mobi-wc.de\/wp-content\/plugins\/wpforms-lite\/assets\/images\/submit-spin.svg\" class=\"wpforms-submit-spinner\" style=\"display: none;\" width=\"26\" height=\"26\" alt=\"Wird geladen\"><\/div><\/form><\/div>  <!-- .wpforms-container --><\/div>\n<\/div><\/div>\n","protected":false},"excerpt":{"rendered":"<p>Unsere mobilen Toilettenwagen sind das Mindestma\u00df f\u00fcr Ihre gelungene Veranstaltung. Unser mobiles Miniatur Bad l\u00e4sst keine W\u00fcnsche offen wenn es [&hellip;]<\/p>\n","protected":false},"author":1,"featured_media":0,"parent":0,"menu_order":0,"comment_status":"closed","ping_status":"closed","template":"","meta":{"_uag_custom_page_level_css":"","site-sidebar-layout":"no-sidebar","site-content-layout":"plain-container","ast-site-content-layout":"default","site-content-style":"default","site-sidebar-style":"default","ast-global-header-display":"","ast-banner-title-visibility":"","ast-main-header-display":"","ast-hfb-above-header-display":"","ast-hfb-below-header-display":"","ast-hfb-mobile-header-display":"","site-post-title":"disabled","ast-breadcrumbs-content":"","ast-featured-img":"","footer-sml-layout":"","ast-disable-related-posts":"","theme-transparent-header-meta":"enabled","adv-header-id-meta":"","stick-header-meta":"","header-above-stick-meta":"","header-main-stick-meta":"","header-below-stick-meta":"","astra-migrate-meta-layouts":"default","ast-page-background-enabled":"default","ast-page-background-meta":{"desktop":{"background-color":"var(--ast-global-color-4)","background-image":"","background-repeat":"repeat","background-position":"center center","background-size":"auto","background-attachment":"scroll","background-type":"","background-media":"","overlay-type":"","overlay-color":"","overlay-opacity":"","overlay-gradient":""},"tablet":{"background-color":"","background-image":"","background-repeat":"repeat","background-position":"center center","background-size":"auto","background-attachment":"scroll","background-type":"","background-media":"","overlay-type":"","overlay-color":"","overlay-opacity":"","overlay-gradient":""},"mobile":{"background-color":"","background-image":"","background-repeat":"repeat","background-position":"center center","background-size":"auto","background-attachment":"scroll","background-type":"","background-media":"","overlay-type":"","overlay-color":"","overlay-opacity":"","overlay-gradient":""}},"ast-content-background-meta":{"desktop":{"background-color":"var(--ast-global-color-5)","background-image":"","background-repeat":"repeat","background-position":"center center","background-size":"auto","background-attachment":"scroll","background-type":"","background-media":"","overlay-type":"","overlay-color":"","overlay-opacity":"","overlay-gradient":""},"tablet":{"background-color":"var(--ast-global-color-5)","background-image":"","background-repeat":"repeat","background-position":"center center","background-size":"auto","background-attachment":"scroll","background-type":"","background-media":"","overlay-type":"","overlay-color":"","overlay-opacity":"","overlay-gradient":""},"mobile":{"background-color":"var(--ast-global-color-5)","background-image":"","background-repeat":"repeat","background-position":"center center","background-size":"auto","background-attachment":"scroll","background-type":"","background-media":"","overlay-type":"","overlay-color":"","overlay-opacity":"","overlay-gradient":""}},"footnotes":""},"class_list":["post-7","page","type-page","status-publish","hentry"],"uagb_featured_image_src":{"full":false,"thumbnail":false,"medium":false,"medium_large":false,"large":false,"1536x1536":false,"2048x2048":false},"uagb_author_info":{"display_name":"admin","author_link":"https:\/\/wilk-mobi-wc.de\/index.php\/author\/vswilk187_oqbpz2yx\/"},"uagb_comment_info":0,"uagb_excerpt":"Unsere mobilen Toilettenwagen sind das Mindestma\u00df f\u00fcr Ihre gelungene Veranstaltung. Unser mobiles Miniatur Bad l\u00e4sst keine W\u00fcnsche offen wenn es [&hellip;]","_links":{"self":[{"href":"https:\/\/wilk-mobi-wc.de\/index.php\/wp-json\/wp\/v2\/pages\/7","targetHints":{"allow":["GET"]}}],"collection":[{"href":"https:\/\/wilk-mobi-wc.de\/index.php\/wp-json\/wp\/v2\/pages"}],"about":[{"href":"https:\/\/wilk-mobi-wc.de\/index.php\/wp-json\/wp\/v2\/types\/page"}],"author":[{"embeddable":true,"href":"https:\/\/wilk-mobi-wc.de\/index.php\/wp-json\/wp\/v2\/users\/1"}],"replies":[{"embeddable":true,"href":"https:\/\/wilk-mobi-wc.de\/index.php\/wp-json\/wp\/v2\/comments?post=7"}],"version-history":[{"count":68,"href":"https:\/\/wilk-mobi-wc.de\/index.php\/wp-json\/wp\/v2\/pages\/7\/revisions"}],"predecessor-version":[{"id":202,"href":"https:\/\/wilk-mobi-wc.de\/index.php\/wp-json\/wp\/v2\/pages\/7\/revisions\/202"}],"wp:attachment":[{"href":"https:\/\/wilk-mobi-wc.de\/index.php\/wp-json\/wp\/v2\/media?parent=7"}],"curies":[{"name":"wp","href":"https:\/\/api.w.org\/{rel}","templated":true}]}}